{"id":287,"date":"2014-11-18T16:49:39","date_gmt":"2014-11-18T16:49:39","guid":{"rendered":"http:\/\/shopkeeper.getbowtied.com\/blank\/?page_id=287"},"modified":"2016-11-26T12:58:00","modified_gmt":"2016-11-26T11:58:00","slug":"imoney-smart-payment","status":"publish","type":"page","link":"https:\/\/imoney.es\/wp\/","title":{"rendered":"iMoney Smart Payment"},"content":{"rendered":"<p>[vc_row full_height=\u00bbyes\u00bb video_bg=\u00bbyes\u00bb video_bg_url=\u00bbhttps:\/\/www.youtube.com\/watch?v=aMT_BFy4neM\u00bb css=\u00bb.vc_custom_1480062110935{padding-top: 12% !important;padding-bottom: 12% !important;}\u00bb background_style=\u00bbparallax\u00bb][vc_column][vc_row_inner][vc_column_inner font_color=\u00bb#ffffff\u00bb css=\u00bb.vc_custom_1480062034156{padding-bottom: 80px !important;}\u00bb][vc_column_text css=\u00bb.vc_custom_1480061661322{margin-bottom: 40px !important;}\u00bb]<\/p>\n<h2 style=\"text-align: center;\"><span style=\"color: #6cbf3b;\"><strong>YA PUEDES PAGAR O COBRAR DE MANERA R\u00c1PIDA, SEGURA Y GRATUITA<\/strong><\/span><\/h2>\n<p>[\/vc_column_text][\/vc_column_inner][\/vc_row_inner][vc_row_inner][vc_column_inner width=\u00bb1\/4&#8243;][vc_column_text css=\u00bb.vc_custom_1412848544805{margin-bottom: 1px !important;}\u00bb][\/vc_column_text][\/vc_column_inner][vc_column_inner width=\u00bb1\/2&#8243; css=\u00bb.vc_custom_1480061978224{padding-top: 40px !important;}\u00bb][vc_btn title=\u00bbSIN COMISIONES DE NING\u00daN TIPO\u00bb color=\u00bbgreen\u00bb size=\u00bblg\u00bb align=\u00bbcenter\u00bb css_animation=\u00bbappear\u00bb link=\u00bburl:http%3A%2F%2Fimoney.es%2Fwp%2Facerca-de-imoney-smart-payment|||\u00bb][\/vc_column_inner][vc_column_inner width=\u00bb1\/4&#8243;][\/vc_column_inner][\/vc_row_inner][\/vc_column][\/vc_row][vc_row css=\u00bb.vc_custom_1416303918584{border-bottom-width: 1px !important;background-position: center !important;background-repeat: no-repeat !important;background-size: cover !important;border-bottom-color: #dddddd !important;border-bottom-style: solid !important;}\u00bb background_style=\u00bbnormal\u00bb][vc_column width=\u00bb1\/3&#8243;][\/vc_column][vc_column width=\u00bb1\/3&#8243;][vc_column_text]<p>Something went wrong with the twitter.<\/p>\r\n        \r\n[\/vc_column_text][\/vc_column][vc_column width=\u00bb1\/3&#8243;][\/vc_column][\/vc_row][vc_row css=\u00bb.vc_custom_1416303918584{border-bottom-width: 1px !important;background-position: center !important;background-repeat: no-repeat !important;background-size: cover !important;border-bottom-color: #dddddd !important;border-bottom-style: solid !important;}\u00bb background_style=\u00bbnormal\u00bb][vc_column][vc_empty_space height=\u00bb75px\u00bb][vc_column_text css=\u00bb.vc_custom_1480067770546{background-color: #ffffff !important;}\u00bb]<\/p>\n<h1 style=\"text-align: center;\"><span style=\"color: #6cbf3b;\">iMONEY Smart Payment<\/span><\/h1>\n<h3 style=\"text-align: center;\">Pago por m\u00f3vil, Big Data y Geofencing<\/h3>\n<p>[\/vc_column_text][vc_column_text css=\u00bb.vc_custom_1429088660180{margin-bottom: 20px !important;background-color: #ffffff !important;}\u00bb]<\/p>\n<h2 style=\"text-align: center;\">\u00bfC\u00d3MO PUEDO HACERLO?<\/h2>\n<p>[\/vc_column_text][vc_column_text]<\/p>\n<p style=\"text-align: center;\"><span style=\"color: #999999;\">REG\u00cdSTRATE YA, ES TAN SENCILLO QUE EN UN SOLO\u00a0MINUTO PODR\u00c1S ESTAR PAGANDO O RECIBIENDO DINERO<\/span><\/p>\n<p>[\/vc_column_text][vc_empty_space height=\u00bb50px\u00bb][\/vc_column][\/vc_row][vc_row css=\u00bb.vc_custom_1416303648809{border-bottom-width: 1px !important;padding-top: 6% !important;padding-bottom: 4% !important;background-position: center !important;background-repeat: no-repeat !important;background-size: cover !important;border-bottom-color: #dddddd !important;border-bottom-style: solid !important;}\u00bb background_style=\u00bbnormal\u00bb][vc_column][vc_row_inner type=\u00bbboxed\u00bb][vc_column_inner width=\u00bb2\/3&#8243;][vc_single_image image=\u00bb351&#8243; img_size=\u00bb700&#215;550&#8243; alignment=\u00bbcenter\u00bb css_animation=\u00bbleft-to-right\u00bb][\/vc_column_inner][vc_column_inner width=\u00bb1\/3&#8243; css=\u00bb.vc_custom_1416303811537{padding-left: 30px !important;}\u00bb][vc_custom_heading text=\u00bb1.\u00bb font_container=\u00bbtag:h2|font_size:72|text_align:left|color:%2371cf52&#8243; css=\u00bb.vc_custom_1428918670570{margin-bottom: 15px !important;}\u00bb][vc_column_text css=\u00bb.vc_custom_1428918593981{margin-bottom: 25px !important;padding-top: 5% !important;}\u00bb]<\/p>\n<h6><span style=\"color: #999999;\">PARA iOS Y ANDROID<\/span><\/h6>\n<h3>DESC\u00c1RGATE LA APLICACI\u00d3N M\u00d3VIL<\/h3>\n<p>[\/vc_column_text][vc_column_text css=\u00bb.vc_custom_1428921460560{margin-bottom: 40px !important;}\u00bb]<span style=\"color: #808080;\">La\u00a0aplicaci\u00f3n iMoney est\u00e1 ya disponible tanto para\u00a0iOS como para\u00a0Android en las tiendas oficiales de aplicaciones m\u00f3viles de AppStore y Google Play respectivamente.<\/span>[\/vc_column_text][vc_btn title=\u00bbAPPLE STORE\u00bb color=\u00bbgreen\u00bb size=\u00bblg\u00bb][vc_btn title=\u00bbGOOGLE PLAY\u00bb color=\u00bbgreen\u00bb size=\u00bblg\u00bb align=\u00bbleft\u00bb][\/vc_column_inner][\/vc_row_inner][\/vc_column][\/vc_row][vc_row css=\u00bb.vc_custom_1416303648809{border-bottom-width: 1px !important;padding-top: 6% !important;padding-bottom: 4% !important;background-position: center !important;background-repeat: no-repeat !important;background-size: cover !important;border-bottom-color: #dddddd !important;border-bottom-style: solid !important;}\u00bb background_style=\u00bbnormal\u00bb][vc_column][vc_row_inner type=\u00bbboxed\u00bb][vc_column_inner width=\u00bb1\/3&#8243;][vc_custom_heading text=\u00bb2.\u00bb font_container=\u00bbtag:h2|font_size:72|text_align:left|color:%2371cf52&#8243; css=\u00bb.vc_custom_1428934892387{margin-bottom: 15px !important;}\u00bb][vc_column_text css=\u00bb.vc_custom_1428934918050{margin-bottom: 25px !important;padding-top: 5% !important;}\u00bb]<\/p>\n<h6><span style=\"color: #999999;\">REGISTRO<\/span><\/h6>\n<h3>REG\u00cdSTRATE EN iMONEY<\/h3>\n<p>[\/vc_column_text][vc_column_text css=\u00bb.vc_custom_1429022825769{margin-bottom: 40px !important;}\u00bb]Registrarse en iMoney es sumamente sencillo: en menos de un minuto estar\u00e1s disfrutando del\u00a0sistema m\u00e1s r\u00e1pido, sencillo e intuitivo de pago mediante dispositivo m\u00f3vil del mundo.[\/vc_column_text][\/vc_column_inner][vc_column_inner width=\u00bb2\/3&#8243;][vc_single_image image=\u00bb416&#8243; img_size=\u00bbfull\u00bb alignment=\u00bbcenter\u00bb css_animation=\u00bbright-to-left\u00bb][\/vc_column_inner][\/vc_row_inner][\/vc_column][\/vc_row][vc_row css=\u00bb.vc_custom_1416316705640{border-bottom-width: 1px !important;padding-top: 6% !important;padding-bottom: 4% !important;background-position: center !important;background-repeat: no-repeat !important;background-size: cover !important;border-bottom-color: #dddddd !important;border-bottom-style: solid !important;}\u00bb background_style=\u00bbnormal\u00bb][vc_column][vc_row_inner type=\u00bbboxed\u00bb][vc_column_inner width=\u00bb2\/3&#8243;][vc_single_image image=\u00bb488&#8243; img_size=\u00bblarge\u00bb alignment=\u00bbcenter\u00bb css_animation=\u00bbright-to-left\u00bb][\/vc_column_inner][vc_column_inner width=\u00bb1\/3&#8243; css=\u00bb.vc_custom_1416303822008{padding-left: 30px !important;}\u00bb][vc_custom_heading text=\u00bb3.\u00bb font_container=\u00bbtag:h2|font_size:72|text_align:left|color:%2371cf52&#8243; css=\u00bb.vc_custom_1428940307713{margin-bottom: 15px !important;}\u00bb][vc_column_text css=\u00bb.vc_custom_1429027965961{margin-bottom: 25px !important;padding-top: 5% !important;}\u00bb]<\/p>\n<h6><\/h6>\n<h3>Y YA PUEDES EMPEZAR A PAGAR<\/h3>\n<p>[\/vc_column_text][vc_column_text css=\u00bb.vc_custom_1429024218792{margin-bottom: 40px !important;}\u00bb]<span style=\"color: #808080;\">Pagar con iMoney es tan f\u00e1cil como sumar 2+2, o pegar un chicle por debajo de la silla, o rallar el coche contra una columna del garaje: iMoney es MUY SENCILLO<\/span>[\/vc_column_text][\/vc_column_inner][\/vc_row_inner][\/vc_column][\/vc_row][vc_row css=\u00bb.vc_custom_1416316726511{padding-top: 5% !important;background-position: 0 0 !important;background-repeat: no-repeat !important;}\u00bb background_style=\u00bbnormal\u00bb][vc_column][vc_custom_heading text=\u00bb4.\u00bb font_container=\u00bbtag:h2|font_size:72|text_align:center|color:%2371cf52&#8243; css=\u00bb.vc_custom_1428940486081{margin-bottom: 60px !important;}\u00bb][vc_column_text css=\u00bb.vc_custom_1428940521148{margin-bottom: 25px !important;}\u00bb]<\/p>\n<h6 style=\"text-align: center;\"><span style=\"color: #999999;\">CARACTER\u00cdSTICAS<\/span><\/h6>\n<h3 style=\"text-align: center;\">iMONEY SOBRE TODO ES<\/h3>\n<p>[\/vc_column_text][vc_row_inner type=\u00bbboxed\u00bb][vc_column_inner width=\u00bb1\/6&#8243;][vc_empty_space height=\u00bb1px\u00bb][\/vc_column_inner][vc_column_inner width=\u00bb2\/3&#8243;][vc_column_text css=\u00bb.vc_custom_1429024397756{margin-bottom: 80px !important;}\u00bb]<\/p>\n<p style=\"text-align: center;\"><span style=\"color: #808080;\">Sin duda alguna podemos resumirlo en una sola\u00a0frase: \u00abel mejor sistema de pago mediante dispositivo m\u00f3vil\u00bb<\/span><\/p>\n<p>[\/vc_column_text][\/vc_column_inner][vc_column_inner width=\u00bb1\/6&#8243;][\/vc_column_inner][\/vc_row_inner][\/vc_column][\/vc_row][vc_row background_style=\u00bbnormal\u00bb][vc_column][vc_row_inner type=\u00bbboxed\u00bb][vc_column_inner width=\u00bb1\/3&#8243; css=\u00bb.vc_custom_1416232448386{margin-bottom: 35px !important;padding-right: 3% !important;padding-left: 3% !important;}\u00bb][icon_box icon=\u00bbbasic-lock\u00bb icon_color=\u00bb#71cf52&#8243;]<\/p>\n<h5 style=\"text-align: center;\"><strong>SEGURO<\/strong><\/h5>\n<p>Basada en est\u00e1ndar 3D Secure, SAS permite que emisores y adquirentes autentiquen a sus respectivos titulares y comercios, y un protocolo com\u00fan garantiza la interoperabilidad entre ambos.[\/icon_box][\/vc_column_inner][vc_column_inner width=\u00bb1\/3&#8243; css=\u00bb.vc_custom_1416232459513{margin-bottom: 35px !important;padding-right: 3% !important;padding-left: 3% !important;}\u00bb][icon_box icon=\u00bbbasic-paperplane\u00bb icon_color=\u00bb#71cf52&#8243;]<\/p>\n<h5 style=\"text-align: center;\">INMEDIATO<\/h5>\n<p style=\"text-align: center;\"><span style=\"color: #808080;\">Ambos usuarios conocer\u00e1n en tiempo real el estado de la operaci\u00f3n, tanto mediante notificaciones en la pantalla, alertas y correos electr\u00f3nicos automatizados enviados por el sistema.\u00a0<\/span><\/p>\n<p>[\/icon_box][\/vc_column_inner][vc_column_inner width=\u00bb1\/3&#8243; css=\u00bb.vc_custom_1416232470128{margin-bottom: 35px !important;padding-right: 3% !important;padding-left: 3% !important;}\u00bb][icon_box icon=\u00bbecommerce-euro\u00bb icon_color=\u00bb#71cf52&#8243;]<\/p>\n<h5 style=\"text-align: center;\"><strong>GRATIS<\/strong><\/h5>\n<p style=\"text-align: center;\"><span style=\"color: #808080;\">Podr\u00e1s usar iMoney en cualquier lugar para pagar o recibir dinero sin ning\u00fan tipo de sistema intermedio y sobre todo sin pagar NING\u00daN TIPO DE COMISI\u00d3N tanto para recibir como para pagar.<\/span><\/p>\n<p>[\/icon_box][\/vc_column_inner][\/vc_row_inner][vc_empty_space height=\u00bb30px\u00bb][vc_single_image image=\u00bb236&#8243; img_size=\u00bb960&#215;500&#8243; alignment=\u00bbcenter\u00bb css_animation=\u00bbbottom-to-top\u00bb css=\u00bb.vc_custom_1416330064472{margin-bottom: 0px !important;}\u00bb][\/vc_column][\/vc_row][vc_row css=\u00bb.vc_custom_1429086716548{padding-top: 5% !important;padding-bottom: 5% !important;background: #71cf52 url(http:\/\/imoney.es\/wp\/wp-content\/uploads\/2014\/11\/deforgau.png?id=462) !important;background-position: center !important;background-repeat: no-repeat !important;background-size: cover !important;}\u00bb background_style=\u00bbnormal\u00bb font_color=\u00bb#ffffff\u00bb][vc_column][vc_empty_space height=\u00bb30px\u00bb][vc_column_text]<\/p>\n<h5 style=\"text-align: center;\"><span style=\"color: #ffffff;\">DESCARGAR<\/span><\/h5>\n<h2 style=\"text-align: center;\"><span style=\"color: #ffffff;\">DESC\u00c1RGATE YA LA APLICACI\u00d3N DE iMONEY PARA REALIZAR TUS OPERACIONES<\/span><\/h2>\n<p>[\/vc_column_text][vc_btn title=\u00bbAPPLE STORE\u00bb color=\u00bbgreen\u00bb size=\u00bblg\u00bb align=\u00bbcenter\u00bb][vc_empty_space height=\u00bb15 px\u00bb][vc_btn title=\u00bbGOOGLE PLAY\u00bb color=\u00bbgreen\u00bb size=\u00bblg\u00bb align=\u00bbcenter\u00bb][vc_empty_space height=\u00bb30px\u00bb][\/vc_column][\/vc_row][vc_row css=\u00bb.vc_custom_1416313798003{border-bottom-width: 1px !important;padding-top: 4% !important;padding-bottom: 4% !important;border-bottom-color: #dddddd !important;border-bottom-style: solid !important;}\u00bb background_style=\u00bbnormal\u00bb font_color=\u00bb#ffffff\u00bb][vc_column][vc_column_text]<\/p>\n<h4 style=\"text-align: center;\"><span style=\"color: #808080;\"><strong>SEGURIDAD, RAPIDEZ, SENCILLEZ, GRATUIDAD<\/strong><\/span><\/h4>\n<p>[\/vc_column_text][\/vc_column][\/vc_row]<\/p>\n","protected":false},"excerpt":{"rendered":"<p>[vc_row full_height=\u00bbyes\u00bb video_bg=\u00bbyes\u00bb video_bg_url=\u00bbhttps:\/\/www.youtube.com\/watch?v=aMT_BFy4neM\u00bb css=\u00bb.vc_custom_1480062110935{padding-top: 12% !important;padding-bottom: 12% !important;}\u00bb background_style=\u00bbparallax\u00bb][vc_column][vc_row_inner][vc_column_inner font_color=\u00bb#ffffff\u00bb css=\u00bb.vc_custom_1480062034156{padding-bottom: 80px !important;}\u00bb][vc_column_text css=\u00bb.vc_custom_1480061661322{margin-bottom: 40px !important;}\u00bb] YA PUEDES PAGAR O COBRAR DE MANERA R\u00c1PIDA, SEGURA Y GRATUITA [\/vc_column_text][\/vc_column_inner][\/vc_row_inner][vc_row_inner][vc_column_inner width=\u00bb1\/4&#8243;][vc_column_text css=\u00bb.vc_custom_1412848544805{margin-bottom: 1px !important;}\u00bb][\/vc_column_text][\/vc_column_inner][vc_column_inner width=\u00bb1\/2&#8243; css=\u00bb.vc_custom_1480061978224{padding-top: 40px !important;}\u00bb][vc_btn title=\u00bbSIN COMISIONES DE NING\u00daN TIPO\u00bb color=\u00bbgreen\u00bb size=\u00bblg\u00bb align=\u00bbcenter\u00bb css_animation=\u00bbappear\u00bb link=\u00bburl:http%3A%2F%2Fimoney.es%2Fwp%2Facerca-de-imoney-smart-payment|||\u00bb][\/vc_column_inner][vc_column_inner width=\u00bb1\/4&#8243;][\/vc_column_inner][\/vc_row_inner][\/vc_column][\/vc_row][vc_row css=\u00bb.vc_custom_1416303918584{border-bottom-width: 1px !important;background-position: center !important;background-repeat: no-repeat !important;background-size: [&hellip;]<\/p>\n","protected":false},"author":1,"featured_media":0,"parent":0,"menu_order":0,"comment_status":"closed","ping_status":"closed","template":"page-full-width.php","meta":{"footnotes":""},"class_list":["post-287","page","type-page","status-publish","hentry"],"yoast_head":"<!-- This site is optimized with the Yoast SEO plugin v27.3 - https:\/\/yoast.com\/product\/yoast-seo-wordpress\/ -->\n<title>iMoney Smart Payment - iMoney Smart Payment<\/title>\n<meta name=\"description\" content=\"iMoney Smart Payment - Plataforma FinTech de pago por m\u00f3vil, big data y geofencing. 3D secure y encriptaci\u00f3n. Integraci\u00f3n ERP y CRM. App iOS y Android.\" \/>\n<meta name=\"robots\" content=\"index, follow, max-snippet:-1, max-image-preview:large, max-video-preview:-1\" \/>\n<link rel=\"canonical\" href=\"http:\/\/imoney.es\/wp\/\" \/>\n<meta property=\"og:locale\" content=\"es_ES\" \/>\n<meta property=\"og:type\" content=\"article\" \/>\n<meta property=\"og:title\" content=\"iMoney Smart Payment - iMoney Smart Payment\" \/>\n<meta property=\"og:description\" content=\"iMoney Smart Payment - Plataforma FinTech de pago por m\u00f3vil, big data y geofencing. 3D secure y encriptaci\u00f3n. Integraci\u00f3n ERP y CRM. App iOS y Android.\" \/>\n<meta property=\"og:url\" content=\"http:\/\/imoney.es\/wp\/\" \/>\n<meta property=\"og:site_name\" content=\"iMoney Smart Payment\" \/>\n<meta property=\"article:modified_time\" content=\"2016-11-26T11:58:00+00:00\" \/>\n<meta name=\"twitter:card\" content=\"summary_large_image\" \/>\n<meta name=\"twitter:label1\" content=\"Tiempo de lectura\" \/>\n\t<meta name=\"twitter:data1\" content=\"6 minutos\" \/>\n<script type=\"application\/ld+json\" class=\"yoast-schema-graph\">{\"@context\":\"https:\\\/\\\/schema.org\",\"@graph\":[{\"@type\":\"WebPage\",\"@id\":\"http:\\\/\\\/imoney.es\\\/wp\\\/\",\"url\":\"http:\\\/\\\/imoney.es\\\/wp\\\/\",\"name\":\"iMoney Smart Payment - iMoney Smart Payment\",\"isPartOf\":{\"@id\":\"http:\\\/\\\/imoney.es\\\/wp\\\/#website\"},\"datePublished\":\"2014-11-18T16:49:39+00:00\",\"dateModified\":\"2016-11-26T11:58:00+00:00\",\"description\":\"iMoney Smart Payment - Plataforma FinTech de pago por m\u00f3vil, big data y geofencing. 3D secure y encriptaci\u00f3n. Integraci\u00f3n ERP y CRM. App iOS y Android.\",\"breadcrumb\":{\"@id\":\"http:\\\/\\\/imoney.es\\\/wp\\\/#breadcrumb\"},\"inLanguage\":\"es\",\"potentialAction\":[{\"@type\":\"ReadAction\",\"target\":[\"http:\\\/\\\/imoney.es\\\/wp\\\/\"]}]},{\"@type\":\"BreadcrumbList\",\"@id\":\"http:\\\/\\\/imoney.es\\\/wp\\\/#breadcrumb\",\"itemListElement\":[{\"@type\":\"ListItem\",\"position\":1,\"name\":\"Portada\",\"item\":\"http:\\\/\\\/imoney.es\\\/wp\\\/\"},{\"@type\":\"ListItem\",\"position\":2,\"name\":\"iMoney Smart Payment\"}]},{\"@type\":\"WebSite\",\"@id\":\"http:\\\/\\\/imoney.es\\\/wp\\\/#website\",\"url\":\"http:\\\/\\\/imoney.es\\\/wp\\\/\",\"name\":\"iMoney Smart Payment\",\"description\":\"Plataforma Fintech universal de pago por m\u00f3vil, big data y geofencing\",\"publisher\":{\"@id\":\"http:\\\/\\\/imoney.es\\\/wp\\\/#organization\"},\"potentialAction\":[{\"@type\":\"SearchAction\",\"target\":{\"@type\":\"EntryPoint\",\"urlTemplate\":\"http:\\\/\\\/imoney.es\\\/wp\\\/?s={search_term_string}\"},\"query-input\":{\"@type\":\"PropertyValueSpecification\",\"valueRequired\":true,\"valueName\":\"search_term_string\"}}],\"inLanguage\":\"es\"},{\"@type\":\"Organization\",\"@id\":\"http:\\\/\\\/imoney.es\\\/wp\\\/#organization\",\"name\":\"iMoney\",\"url\":\"http:\\\/\\\/imoney.es\\\/wp\\\/\",\"logo\":{\"@type\":\"ImageObject\",\"inLanguage\":\"es\",\"@id\":\"http:\\\/\\\/imoney.es\\\/wp\\\/#\\\/schema\\\/logo\\\/image\\\/\",\"url\":\"https:\\\/\\\/i0.wp.com\\\/imoney.es\\\/wp\\\/wp-content\\\/uploads\\\/2016\\\/11\\\/iMoney-icono.png?fit=567%2C568\",\"contentUrl\":\"https:\\\/\\\/i0.wp.com\\\/imoney.es\\\/wp\\\/wp-content\\\/uploads\\\/2016\\\/11\\\/iMoney-icono.png?fit=567%2C568\",\"width\":567,\"height\":568,\"caption\":\"iMoney\"},\"image\":{\"@id\":\"http:\\\/\\\/imoney.es\\\/wp\\\/#\\\/schema\\\/logo\\\/image\\\/\"}}]}<\/script>\n<!-- \/ Yoast SEO plugin. -->","yoast_head_json":{"title":"iMoney Smart Payment - iMoney Smart Payment","description":"iMoney Smart Payment - Plataforma FinTech de pago por m\u00f3vil, big data y geofencing. 3D secure y encriptaci\u00f3n. Integraci\u00f3n ERP y CRM. App iOS y Android.","robots":{"index":"index","follow":"follow","max-snippet":"max-snippet:-1","max-image-preview":"max-image-preview:large","max-video-preview":"max-video-preview:-1"},"canonical":"http:\/\/imoney.es\/wp\/","og_locale":"es_ES","og_type":"article","og_title":"iMoney Smart Payment - iMoney Smart Payment","og_description":"iMoney Smart Payment - Plataforma FinTech de pago por m\u00f3vil, big data y geofencing. 3D secure y encriptaci\u00f3n. Integraci\u00f3n ERP y CRM. App iOS y Android.","og_url":"http:\/\/imoney.es\/wp\/","og_site_name":"iMoney Smart Payment","article_modified_time":"2016-11-26T11:58:00+00:00","twitter_card":"summary_large_image","twitter_misc":{"Tiempo de lectura":"6 minutos"},"schema":{"@context":"https:\/\/schema.org","@graph":[{"@type":"WebPage","@id":"http:\/\/imoney.es\/wp\/","url":"http:\/\/imoney.es\/wp\/","name":"iMoney Smart Payment - iMoney Smart Payment","isPartOf":{"@id":"http:\/\/imoney.es\/wp\/#website"},"datePublished":"2014-11-18T16:49:39+00:00","dateModified":"2016-11-26T11:58:00+00:00","description":"iMoney Smart Payment - Plataforma FinTech de pago por m\u00f3vil, big data y geofencing. 3D secure y encriptaci\u00f3n. Integraci\u00f3n ERP y CRM. App iOS y Android.","breadcrumb":{"@id":"http:\/\/imoney.es\/wp\/#breadcrumb"},"inLanguage":"es","potentialAction":[{"@type":"ReadAction","target":["http:\/\/imoney.es\/wp\/"]}]},{"@type":"BreadcrumbList","@id":"http:\/\/imoney.es\/wp\/#breadcrumb","itemListElement":[{"@type":"ListItem","position":1,"name":"Portada","item":"http:\/\/imoney.es\/wp\/"},{"@type":"ListItem","position":2,"name":"iMoney Smart Payment"}]},{"@type":"WebSite","@id":"http:\/\/imoney.es\/wp\/#website","url":"http:\/\/imoney.es\/wp\/","name":"iMoney Smart Payment","description":"Plataforma Fintech universal de pago por m\u00f3vil, big data y geofencing","publisher":{"@id":"http:\/\/imoney.es\/wp\/#organization"},"potentialAction":[{"@type":"SearchAction","target":{"@type":"EntryPoint","urlTemplate":"http:\/\/imoney.es\/wp\/?s={search_term_string}"},"query-input":{"@type":"PropertyValueSpecification","valueRequired":true,"valueName":"search_term_string"}}],"inLanguage":"es"},{"@type":"Organization","@id":"http:\/\/imoney.es\/wp\/#organization","name":"iMoney","url":"http:\/\/imoney.es\/wp\/","logo":{"@type":"ImageObject","inLanguage":"es","@id":"http:\/\/imoney.es\/wp\/#\/schema\/logo\/image\/","url":"https:\/\/i0.wp.com\/imoney.es\/wp\/wp-content\/uploads\/2016\/11\/iMoney-icono.png?fit=567%2C568","contentUrl":"https:\/\/i0.wp.com\/imoney.es\/wp\/wp-content\/uploads\/2016\/11\/iMoney-icono.png?fit=567%2C568","width":567,"height":568,"caption":"iMoney"},"image":{"@id":"http:\/\/imoney.es\/wp\/#\/schema\/logo\/image\/"}}]}},"jetpack_shortlink":"https:\/\/wp.me\/P898ct-4D","jetpack_sharing_enabled":true,"_links":{"self":[{"href":"https:\/\/imoney.es\/wp\/wp-json\/wp\/v2\/pages\/287","targetHints":{"allow":["GET"]}}],"collection":[{"href":"https:\/\/imoney.es\/wp\/wp-json\/wp\/v2\/pages"}],"about":[{"href":"https:\/\/imoney.es\/wp\/wp-json\/wp\/v2\/types\/page"}],"author":[{"embeddable":true,"href":"https:\/\/imoney.es\/wp\/wp-json\/wp\/v2\/users\/1"}],"replies":[{"embeddable":true,"href":"https:\/\/imoney.es\/wp\/wp-json\/wp\/v2\/comments?post=287"}],"version-history":[{"count":5,"href":"https:\/\/imoney.es\/wp\/wp-json\/wp\/v2\/pages\/287\/revisions"}],"predecessor-version":[{"id":363,"href":"https:\/\/imoney.es\/wp\/wp-json\/wp\/v2\/pages\/287\/revisions\/363"}],"wp:attachment":[{"href":"https:\/\/imoney.es\/wp\/wp-json\/wp\/v2\/media?parent=287"}],"curies":[{"name":"wp","href":"https:\/\/api.w.org\/{rel}","templated":true}]}}